{"id":9,"date":"2011-05-19T10:24:12","date_gmt":"2011-05-19T10:24:12","guid":{"rendered":"http:\/\/www.juliane-steinbrecher.de\/test\/?page_id=9"},"modified":"2013-01-17T11:00:28","modified_gmt":"2013-01-17T11:00:28","slug":"beratung","status":"publish","type":"page","link":"https:\/\/www.juliane-steinbrecher.de\/?page_id=9","title":{"rendered":"Autorin"},"content":{"rendered":"<p><img decoding=\"async\" loading=\"lazy\" class=\"left\" title=\"vermeer\" src=\"http:\/\/www.juliane-steinbrecher.de\/wp-content\/uploads\/2011\/05\/vermeer1.jpg\" alt=\"\" width=\"230\" height=\"300\" \/><\/p>\n<div id=\"blockquote\">\u00bbAm Anfang war das Wort und nicht das Geschw\u00e4tz,<br \/>\nund am Ende wird nicht die Propaganda sein,<br \/>\nsondern wieder das Wort.\u00ab<br \/>\n<em>Gottfried Benn<\/em><\/div>\n<div><em><br \/>\n<\/em><\/div>\n<p>Sie ben\u00f6tigen ein stilvolles Vorwort f\u00fcr Ihr Sachbuch, einen publikums-<br \/>\nwirksamen Umschlag- oder Vorschautext f\u00fcr Ihre Publikation oder sind auf der Suche nach gut recherchierten Biografien und historischen Hintergrundinformationen?<\/p>\n<p>Ich stehe Ihnen als Autorin und Verfasserin von folgenden Texten zur Verf\u00fcgung:<\/p>\n<ul>\n<li>Einleitungen und Vorworte zu Sachb\u00fcchern<\/li>\n<li>Umschlag- und Vorschautexte<\/li>\n<li>Biografien<\/li>\n<li>Historische Beitr\u00e4ge<\/li>\n<li>Werbetexte f\u00fcr Imagebrosch\u00fcren<\/li>\n<li>Reiseinformationen<\/li>\n<li>Online- und eBook-Texte<\/li>\n<\/ul>\n","protected":false},"excerpt":{"rendered":"<p>\u00bbAm Anfang war das Wort und nicht das Geschw\u00e4tz, und am Ende wird nicht die Propaganda sein, sondern wieder das Wort.\u00ab Gottfried Benn Sie ben\u00f6tigen ein stilvolles Vorwort f\u00fcr Ihr Sachbuch, einen publikums- wirksamen Umschlag- oder Vorschautext f\u00fcr Ihre Publikation oder sind auf der Suche nach gut recherchierten Biografien und historischen Hintergrundinformationen? Ich stehe Ihnen [&hellip;]<\/p>\n","protected":false},"author":1,"featured_media":0,"parent":0,"menu_order":4,"comment_status":"open","ping_status":"open","template":"","meta":[],"_links":{"self":[{"href":"https:\/\/www.juliane-steinbrecher.de\/index.php?rest_route=\/wp\/v2\/pages\/9"}],"collection":[{"href":"https:\/\/www.juliane-steinbrecher.de\/index.php?rest_route=\/wp\/v2\/pages"}],"about":[{"href":"https:\/\/www.juliane-steinbrecher.de\/index.php?rest_route=\/wp\/v2\/types\/page"}],"author":[{"embeddable":true,"href":"https:\/\/www.juliane-steinbrecher.de\/index.php?rest_route=\/wp\/v2\/users\/1"}],"replies":[{"embeddable":true,"href":"https:\/\/www.juliane-steinbrecher.de\/index.php?rest_route=%2Fwp%2Fv2%2Fcomments&post=9"}],"version-history":[{"count":20,"href":"https:\/\/www.juliane-steinbrecher.de\/index.php?rest_route=\/wp\/v2\/pages\/9\/revisions"}],"predecessor-version":[{"id":208,"href":"https:\/\/www.juliane-steinbrecher.de\/index.php?rest_route=\/wp\/v2\/pages\/9\/revisions\/208"}],"wp:attachment":[{"href":"https:\/\/www.juliane-steinbrecher.de\/index.php?rest_route=%2Fwp%2Fv2%2Fmedia&parent=9"}],"curies":[{"name":"wp","href":"https:\/\/api.w.org\/{rel}","templated":true}]}}