{"id":5,"date":"2011-05-19T10:22:46","date_gmt":"2011-05-19T10:22:46","guid":{"rendered":"http:\/\/www.juliane-steinbrecher.de\/test\/?page_id=5"},"modified":"2012-12-21T14:34:18","modified_gmt":"2012-12-21T14:34:18","slug":"redaktion","status":"publish","type":"page","link":"https:\/\/www.juliane-steinbrecher.de\/?page_id=5","title":{"rendered":"Redaktion"},"content":{"rendered":"<p><img decoding=\"async\" loading=\"lazy\" class=\"left\" title=\"sibylle\" src=\"http:\/\/www.juliane-steinbrecher.de\/wp-content\/uploads\/2011\/05\/sibylle1.jpg\" alt=\"\" width=\"230\" height=\"340\" \/><\/p>\n<div id=\"blockquote\">\u00bbB\u00fccher sind die H\u00fcllen der Weisheit, bestickt mit den Perlen der Worte.\u00ab<br \/>\n<em>Mosche Ibn Esra<\/em><\/div>\n<div><em><br \/>\n<\/em><\/div>\n<p>Sie ben\u00f6tigen Unterst\u00fctzung bei der Realisierung Ihres Verlagsprogramms?<br \/>\nIch stehe Ihnen f\u00fcr alle Aufgabenbereiche des modernen Lektorats auch separat zur Verf\u00fcgung, wenn Sie einzelne Schritte Ihrer Produktion auslagern m\u00f6chten:<\/p>\n<ul>\n<li>Themen-Recherche und Autorenakquise<\/li>\n<li>Konzeptentwicklung<\/li>\n<li>Redaktionelle Koordination<\/li>\n<li>Layouterstellung mit einem\/er Grafiker\/in<\/li>\n<li>Lektorat und Korrektorat<\/li>\n<li>Satzkontrolle und Druckfahnenkorrektur<\/li>\n<li>Satzarbeiten im Layoutdokument (InDesign, QuarkXPress)<\/li>\n<li>Kontrolle der Plotter \/ Blaupausen vor Drucklegung<\/li>\n<li>Koordination von \u00dcbersetzungen bei Original- oder Lizenzausgaben<\/li>\n<li>Bildrecherche und -beschaffung<\/li>\n<li>Kl\u00e4rung von Rechten<\/li>\n<li>Verfassen von Katalog- und Umschlagtexten<\/li>\n<li>Redaktion von online- oder eBook-Texten<\/li>\n<li>Konzeption und Bearbeitung von Imagebrosch\u00fcren und Werbeflyern<\/li>\n<\/ul>\n","protected":false},"excerpt":{"rendered":"<p>\u00bbB\u00fccher sind die H\u00fcllen der Weisheit, bestickt mit den Perlen der Worte.\u00ab Mosche Ibn Esra Sie ben\u00f6tigen Unterst\u00fctzung bei der Realisierung Ihres Verlagsprogramms? Ich stehe Ihnen f\u00fcr alle Aufgabenbereiche des modernen Lektorats auch separat zur Verf\u00fcgung, wenn Sie einzelne Schritte Ihrer Produktion auslagern m\u00f6chten: Themen-Recherche und Autorenakquise Konzeptentwicklung Redaktionelle Koordination Layouterstellung mit einem\/er Grafiker\/in Lektorat [&hellip;]<\/p>\n","protected":false},"author":1,"featured_media":0,"parent":0,"menu_order":2,"comment_status":"open","ping_status":"open","template":"","meta":[],"_links":{"self":[{"href":"https:\/\/www.juliane-steinbrecher.de\/index.php?rest_route=\/wp\/v2\/pages\/5"}],"collection":[{"href":"https:\/\/www.juliane-steinbrecher.de\/index.php?rest_route=\/wp\/v2\/pages"}],"about":[{"href":"https:\/\/www.juliane-steinbrecher.de\/index.php?rest_route=\/wp\/v2\/types\/page"}],"author":[{"embeddable":true,"href":"https:\/\/www.juliane-steinbrecher.de\/index.php?rest_route=\/wp\/v2\/users\/1"}],"replies":[{"embeddable":true,"href":"https:\/\/www.juliane-steinbrecher.de\/index.php?rest_route=%2Fwp%2Fv2%2Fcomments&post=5"}],"version-history":[{"count":14,"href":"https:\/\/www.juliane-steinbrecher.de\/index.php?rest_route=\/wp\/v2\/pages\/5\/revisions"}],"predecessor-version":[{"id":218,"href":"https:\/\/www.juliane-steinbrecher.de\/index.php?rest_route=\/wp\/v2\/pages\/5\/revisions\/218"}],"wp:attachment":[{"href":"https:\/\/www.juliane-steinbrecher.de\/index.php?rest_route=%2Fwp%2Fv2%2Fmedia&parent=5"}],"curies":[{"name":"wp","href":"https:\/\/api.w.org\/{rel}","templated":true}]}}