{"id":263,"date":"2018-07-10T09:55:26","date_gmt":"2018-07-10T09:55:26","guid":{"rendered":"http:\/\/www.juliane-steinbrecher.de\/?page_id=263"},"modified":"2018-07-16T09:36:04","modified_gmt":"2018-07-16T09:36:04","slug":"datenschutz","status":"publish","type":"page","link":"https:\/\/www.juliane-steinbrecher.de\/?page_id=263","title":{"rendered":"Datenschutz"},"content":{"rendered":"<p>DATENSCHUTZERKL\u00c4RUNG<\/p>\n<p><strong>Datenschutz<\/strong><br \/>\nWir nehmen den Schutz Ihrer pers\u00f6nlichen Daten sehr ernst. Wir behandeln Ihre personenbezogenen Daten vertraulich und entsprechend der gesetzlichen Datenschutzvorschriften, insbesondere der EU-Datenschutzgrundverordnung (DSGVO) sowie dieser Datenschutzerkl\u00e4rung.<\/p>\n<p><strong>Verantwortliche\/r<\/strong><br \/>\nVerantwortlich im Sinne der Datenschutzgesetze ist<br \/>\nJULIANE STEINBRECHER<br \/>\nBuchmanagement &#038; Redaktion<br \/>\nBalthasarstr. 46, D\u201350670 K\u00f6ln<br \/>\nTelefon: 0221 728216, Mobil: 0157 50378301<br \/>\nmail@juliane-steinbrecher.de<\/p>\n<p><strong>Datenerhebung und Datensicherheit<\/strong><br \/>\nDie Nutzung unserer Webseite ist in der Regel ohne Angabe personenbezogener Daten m\u00f6glich. Soweit auf unseren Seiten personenbezogene Daten erhoben werden, erfolgt dies stets auf freiwilliger Basis. Diese Daten werden ohne Ihre ausdr\u00fcckliche Zustimmung nicht an Dritte weitergegeben.<br \/>\nWir weisen darauf hin, dass die Daten\u00fcbertragung im Internet (z.B. bei der Kommunikation per E-Mail) Sicherheitsl\u00fccken aufweisen kann. Ein l\u00fcckenloser Schutz der Daten vor dem Zugriff durch Dritte ist nicht m\u00f6glich.<\/p>\n<p><strong>SSL-Verschl\u00fcsselung<\/strong><br \/>\nUm die Sicherheit Ihrer Daten bei der \u00dcbertragung zu sch\u00fctzen, verwenden wir dem aktuellen Stand der Technik entsprechende Verschl\u00fcsselungsverfahren (z. B. SSL) \u00fcber HTTPS.<\/p>\n<p><strong>Cookies<\/strong><br \/>\nDie Internetseiten verwenden teilweise sogenannte Cookies. Cookies richten auf Ihrem Rechner keinen Schaden an und enthalten keine Viren. Cookies dienen dazu, unser Angebot nutzerfreundlicher, effektiver und sicherer zu machen. Cookies sind kleine Textdateien, die auf Ihrem Rechner abgelegt werden und die Ihr Browser speichert. In keinem Fall werden die von uns erfassten Daten an Dritte weitergegeben.<\/p>\n<p>Sie haben die M\u00f6glichkeit, das Abspeichern von Cookies auf Ihrem Rechner durch entsprechende Browsereinstellungen zu verhindern. Bitte informieren Sie sich beim Anbieter Ihres Browsers \u00fcber das konkrete Vorgehen.<\/p>\n<p><strong>Server-Log-Files<\/strong><br \/>\nDer Provider der Seiten erhebt und speichert automatisch Informationen in so genannten Server-Log-Dateien, die Ihr Browser automatisch an uns \u00fcbermittelt. Dies sind:<br \/>\n\u00b7\u00a0\u00a0\u00a0\u00a0\u00a0\u00a0Uhrzeit zum Zeitpunkt des Zugriffes<br \/>\n\u2028\u00b7\u00a0\u00a0\u00a0\u00a0\u00a0\u00a0Menge der gesendeten Daten in Byte<br \/>\n\u2028\u00b7\u00a0\u00a0\u00a0\u00a0\u00a0\u00a0Quelle\/Verweis, von welchem Sie auf die Seite gelangten<br \/>\n\u2028\u00b7\u00a0\u00a0\u00a0\u00a0\u00a0\u00a0Verwendeter Browser\u2028<br \/>\n\u00b7\u00a0\u00a0\u00a0\u00a0\u00a0\u00a0Verwendetes Betriebssystem<br \/>\n\u2028\u00b7\u00a0\u00a0\u00a0\u00a0\u00a0\u00a0Verwendete IP-Adresse (pseudonymisiert) \u00a0<\/p>\n<p><strong>Auskunft, Sperrung und L\u00f6schung Ihrer Daten<\/strong><br \/>\nSie haben jederzeit das Recht auf unentgeltliche Auskunft \u00fcber Ihre gespeicherten personenbezogenen Daten, deren Herkunft und Empf\u00e4nger und den Zweck der Datenverarbeitung sowie ein Recht auf Berichtigung, Sperrung oder L\u00f6schung dieser Daten. Hierzu sowie zu weiteren Fragen zum Thema personenbezogene Daten k\u00f6nnen Sie sich jederzeit unter der im Impressum angegebenen Adresse an uns wenden.<\/p>\n<p><strong>\u00c4nderung der Datenschutzerkl\u00e4rung<\/strong><br \/>\nSofern einmal eine \u00c4nderung der Datenschutzerkl\u00e4rung erforderlich wird, werden wir diese Seite entsprechend aktualisieren.<\/p>\n","protected":false},"excerpt":{"rendered":"<p>DATENSCHUTZERKL\u00c4RUNG Datenschutz Wir nehmen den Schutz Ihrer pers\u00f6nlichen Daten sehr ernst. Wir behandeln Ihre personenbezogenen Daten vertraulich und entsprechend der gesetzlichen Datenschutzvorschriften, insbesondere der EU-Datenschutzgrundverordnung (DSGVO) sowie dieser Datenschutzerkl\u00e4rung. Verantwortliche\/r Verantwortlich im Sinne der Datenschutzgesetze ist JULIANE STEINBRECHER Buchmanagement &#038; Redaktion Balthasarstr. 46, D\u201350670 K\u00f6ln Telefon: 0221 728216, Mobil: 0157 50378301 mail@juliane-steinbrecher.de Datenerhebung und Datensicherheit [&hellip;]<\/p>\n","protected":false},"author":1,"featured_media":0,"parent":0,"menu_order":9,"comment_status":"open","ping_status":"closed","template":"","meta":[],"_links":{"self":[{"href":"https:\/\/www.juliane-steinbrecher.de\/index.php?rest_route=\/wp\/v2\/pages\/263"}],"collection":[{"href":"https:\/\/www.juliane-steinbrecher.de\/index.php?rest_route=\/wp\/v2\/pages"}],"about":[{"href":"https:\/\/www.juliane-steinbrecher.de\/index.php?rest_route=\/wp\/v2\/types\/page"}],"author":[{"embeddable":true,"href":"https:\/\/www.juliane-steinbrecher.de\/index.php?rest_route=\/wp\/v2\/users\/1"}],"replies":[{"embeddable":true,"href":"https:\/\/www.juliane-steinbrecher.de\/index.php?rest_route=%2Fwp%2Fv2%2Fcomments&post=263"}],"version-history":[{"count":8,"href":"https:\/\/www.juliane-steinbrecher.de\/index.php?rest_route=\/wp\/v2\/pages\/263\/revisions"}],"predecessor-version":[{"id":276,"href":"https:\/\/www.juliane-steinbrecher.de\/index.php?rest_route=\/wp\/v2\/pages\/263\/revisions\/276"}],"wp:attachment":[{"href":"https:\/\/www.juliane-steinbrecher.de\/index.php?rest_route=%2Fwp%2Fv2%2Fmedia&parent=263"}],"curies":[{"name":"wp","href":"https:\/\/api.w.org\/{rel}","templated":true}]}}