{"id":18,"date":"2011-05-19T10:25:56","date_gmt":"2011-05-19T10:25:56","guid":{"rendered":"http:\/\/www.juliane-steinbrecher.de\/test\/?page_id=18"},"modified":"2018-07-16T09:35:14","modified_gmt":"2018-07-16T09:35:14","slug":"team","status":"publish","type":"page","link":"https:\/\/www.juliane-steinbrecher.de\/?page_id=18","title":{"rendered":"Impressum"},"content":{"rendered":"<p>JULIANE STEINBRECHER<br \/>\nBuchmanagement &amp; Redaktion<br \/>\nBalthasarstr. 46<br \/>\nD\u201350670 K\u00f6ln<br \/>\nTelefon: 0221 728216<br \/>\nMobil: 0157 50378301<\/p>\n<p><a href=\"mailto:mail@juliane-steinbrecher.de\">mail@juliane-steinbrecher.de<\/a><br \/>\nwww.juliane-steinbrecher.de<\/p>\n<p>Steuernummer:\u00a0215 \/ 5166 \/ 2682<\/p>\n<p>Disclaimer:<br \/>\nDiese Website enth\u00e4lt Verkn\u00fcpfungen zu Websites Dritter (&#8220;externe Links&#8221;). Diese Websites unterliegen der Haftung der jeweiligen Betreiber. Der Anbieter hat bei der erstmaligen Verkn\u00fcpfung der externen Links die fremden Inhalte daraufhin \u00fcberpr\u00fcft, ob etwaige Rechtsverst\u00f6\u00dfe bestehen. Zu dem Zeitpunkt waren keine Rechtsverst\u00f6\u00dfe ersichtlich. Der Anbieter hat keinerlei Einfluss auf die aktuelle und zuk\u00fcnftige Gestaltung und auf die Inhalte der verkn\u00fcpften Seiten. Das Setzen von externen Links bedeutet nicht, dass sich der Anbieter die hinter dem Verweis oder Link liegenden Inhalte zu Eigen macht. Eine st\u00e4ndige Kontrolle dieser externen Links ist f\u00fcr den Anbieter ohne konkrete Hinweise auf Rechtsverst\u00f6\u00dfe nicht zumutbar. Bei Kenntnis von Rechtsverst\u00f6\u00dfen werden jedoch derartige externe Links unverz\u00fcglich gel\u00f6scht.<\/p>\n<p>Webdesign: <a href=\"http:\/\/www.stephanie-von-ow.de\">www.stephanie-von-ow.de<\/a><\/p>\n","protected":false},"excerpt":{"rendered":"<p>JULIANE STEINBRECHER Buchmanagement &amp; Redaktion Balthasarstr. 46 D\u201350670 K\u00f6ln Telefon: 0221 728216 Mobil: 0157 50378301 mail@juliane-steinbrecher.de www.juliane-steinbrecher.de Steuernummer:\u00a0215 \/ 5166 \/ 2682 Disclaimer: Diese Website enth\u00e4lt Verkn\u00fcpfungen zu Websites Dritter (&#8220;externe Links&#8221;). Diese Websites unterliegen der Haftung der jeweiligen Betreiber. Der Anbieter hat bei der erstmaligen Verkn\u00fcpfung der externen Links die fremden Inhalte daraufhin \u00fcberpr\u00fcft, [&hellip;]<\/p>\n","protected":false},"author":1,"featured_media":0,"parent":0,"menu_order":9,"comment_status":"open","ping_status":"open","template":"","meta":[],"_links":{"self":[{"href":"https:\/\/www.juliane-steinbrecher.de\/index.php?rest_route=\/wp\/v2\/pages\/18"}],"collection":[{"href":"https:\/\/www.juliane-steinbrecher.de\/index.php?rest_route=\/wp\/v2\/pages"}],"about":[{"href":"https:\/\/www.juliane-steinbrecher.de\/index.php?rest_route=\/wp\/v2\/types\/page"}],"author":[{"embeddable":true,"href":"https:\/\/www.juliane-steinbrecher.de\/index.php?rest_route=\/wp\/v2\/users\/1"}],"replies":[{"embeddable":true,"href":"https:\/\/www.juliane-steinbrecher.de\/index.php?rest_route=%2Fwp%2Fv2%2Fcomments&post=18"}],"version-history":[{"count":19,"href":"https:\/\/www.juliane-steinbrecher.de\/index.php?rest_route=\/wp\/v2\/pages\/18\/revisions"}],"predecessor-version":[{"id":274,"href":"https:\/\/www.juliane-steinbrecher.de\/index.php?rest_route=\/wp\/v2\/pages\/18\/revisions\/274"}],"wp:attachment":[{"href":"https:\/\/www.juliane-steinbrecher.de\/index.php?rest_route=%2Fwp%2Fv2%2Fmedia&parent=18"}],"curies":[{"name":"wp","href":"https:\/\/api.w.org\/{rel}","templated":true}]}}